{"id":110,"date":"2018-03-27T19:44:01","date_gmt":"2018-03-27T19:44:01","guid":{"rendered":"http:\/\/firefly-feuershow.de\/wordpress\/?page_id=110"},"modified":"2023-05-25T07:01:22","modified_gmt":"2023-05-25T07:01:22","slug":"firefly","status":"publish","type":"page","link":"https:\/\/firefly-feuershow.de\/wordpress\/","title":{"rendered":"Firefly"},"content":{"rendered":"<p>Firefly pr\u00e4sentiert eine Feuershow in der nicht nur Fackeln, Keulen, B\u00e4lle und Pois, sondern auch Zylinder, Springseile oder Gitarren f\u00fcr hei\u00dfe Kunstst\u00fccke verwendet werden.<br \/>\nSchon das Auftreten der Gruppe in Ihren auffallenden viktorianischen Steampunk Gew\u00e4ndern zieht das Publikum in seinen Bann und bereitet eine Stimmung die f\u00fcr aufregende Feuerattaraktionen und vertr\u00e4umte Flammenspiele nicht besser sein k\u00f6nnte.<\/p>\n<p>Die Show wird umrahmt von spannender Musik, die extra f\u00fcr die Show geschnitten und zusammengestellt wurde.<br \/>\nPyroeffekte sorgen f\u00fcr die ein oder andere \u00dcberraschung.<\/p>\n<p>Firefly tritt nicht nur im Rahmen von mittelalterlichen M\u00e4rkten, Weihnachtsfeiern und Ritterturnieren auf, sondern sorgt auch bei privaten Events wie Hochzeiten, Geburtstagen oder z. B. Firmenfeiern f\u00fcr einen unvergesslichen H\u00f6hepunkt.<\/p>\n<p>Firefly, sind die K\u00fcnstler<\/p>\n<p>Sebastian Sattler<br \/>\nKatharina Klotz<br \/>\nTorsten Riexinger<\/p>\n<p>aus M\u00fchlacker,\u00a0 Maulbronn und Vaihingen an der Enz.<\/p>\n<p>Die f\u00fcnf haben sich seit vielen Jahren dem sch\u00f6nsten und faszinierendstem der vier Elemente verschrieben und sind seit 2010 gemeinsam unterwegs<\/p>\n<p>Bei gr\u00f6\u00dferen Shows, wenn noch zus\u00e4tzliches Licht-, Ton- B\u00fchnenequipment ben\u00f6tigt wird oder Sie Ihre Veranstaltung noch um ein Feuerwerk erweitern m\u00f6chten arbeiten wir mit unserem Partner Explosive Lights zusammen.<\/p>\n<p><a href=\"https:\/\/www.explosive-lights.de\/\"><img loading=\"lazy\" decoding=\"async\" class=\"alignnone size-full wp-image-297\" src=\"http:\/\/firefly-feuershow.de\/wordpress\/wp-content\/uploads\/2020\/08\/explosive-lights.png\" alt=\"Explosive Lights\" width=\"466\" height=\"80\" srcset=\"https:\/\/firefly-feuershow.de\/wordpress\/wp-content\/uploads\/2020\/08\/explosive-lights.png 466w, https:\/\/firefly-feuershow.de\/wordpress\/wp-content\/uploads\/2020\/08\/explosive-lights-300x52.png 300w\" sizes=\"auto, (max-width: 466px) 100vw, 466px\" \/><\/a><\/p>\n","protected":false},"excerpt":{"rendered":"<p>Firefly pr\u00e4sentiert eine Feuershow in der nicht nur Fackeln, Keulen, B\u00e4lle und Pois, sondern auch Zylinder, Springseile oder Gitarren f\u00fcr hei\u00dfe Kunstst\u00fccke verwendet werden. Schon das Auftreten der Gruppe in Ihren auffallenden viktorianischen Steampunk Gew\u00e4ndern zieht das Publikum in seinen Bann und bereitet eine Stimmung die f\u00fcr aufregende Feuerattaraktionen und vertr\u00e4umte Flammenspiele nicht besser sein &hellip; <\/p>\n<p class=\"link-more\"><a href=\"https:\/\/firefly-feuershow.de\/wordpress\/\" class=\"more-link\"><span class=\"screen-reader-text\">\u201eFirefly\u201c<\/span> weiterlesen<\/a><\/p>\n","protected":false},"author":1,"featured_media":0,"parent":0,"menu_order":0,"comment_status":"closed","ping_status":"closed","template":"","meta":{"footnotes":""},"class_list":["post-110","page","type-page","status-publish","hentry"],"_links":{"self":[{"href":"https:\/\/firefly-feuershow.de\/wordpress\/wp-json\/wp\/v2\/pages\/110","targetHints":{"allow":["GET"]}}],"collection":[{"href":"https:\/\/firefly-feuershow.de\/wordpress\/wp-json\/wp\/v2\/pages"}],"about":[{"href":"https:\/\/firefly-feuershow.de\/wordpress\/wp-json\/wp\/v2\/types\/page"}],"author":[{"embeddable":true,"href":"https:\/\/firefly-feuershow.de\/wordpress\/wp-json\/wp\/v2\/users\/1"}],"replies":[{"embeddable":true,"href":"https:\/\/firefly-feuershow.de\/wordpress\/wp-json\/wp\/v2\/comments?post=110"}],"version-history":[{"count":4,"href":"https:\/\/firefly-feuershow.de\/wordpress\/wp-json\/wp\/v2\/pages\/110\/revisions"}],"predecessor-version":[{"id":316,"href":"https:\/\/firefly-feuershow.de\/wordpress\/wp-json\/wp\/v2\/pages\/110\/revisions\/316"}],"wp:attachment":[{"href":"https:\/\/firefly-feuershow.de\/wordpress\/wp-json\/wp\/v2\/media?parent=110"}],"curies":[{"name":"wp","href":"https:\/\/api.w.org\/{rel}","templated":true}]}}